{"id":87,"date":"2017-11-09T16:46:19","date_gmt":"2017-11-09T15:46:19","guid":{"rendered":"http:\/\/fauchillefamilytrip.com\/?page_id=87"},"modified":"2017-11-18T22:37:52","modified_gmt":"2017-11-18T21:37:52","slug":"un-projet-educatif","status":"publish","type":"page","link":"https:\/\/fauchillefamilytrip.com\/index.php\/un-projet-daventure\/un-projet-educatif\/","title":{"rendered":"Un projet \u00e9ducatif"},"content":{"rendered":"<p><img loading=\"lazy\" decoding=\"async\" class=\"size-large wp-image-73 aligncenter\" src=\"https:\/\/fauchillefamilytrip.com\/wp-content\/uploads\/2017\/11\/IMG_7360-1024x768.jpg\" alt=\"\" width=\"1024\" height=\"768\" srcset=\"https:\/\/fauchillefamilytrip.com\/wp-content\/uploads\/2017\/11\/IMG_7360-1024x768.jpg 1024w, https:\/\/fauchillefamilytrip.com\/wp-content\/uploads\/2017\/11\/IMG_7360-300x225.jpg 300w, https:\/\/fauchillefamilytrip.com\/wp-content\/uploads\/2017\/11\/IMG_7360-768x576.jpg 768w\" sizes=\"(max-width: 1024px) 100vw, 1024px\" \/><\/p>\n<p><span style=\"font-weight: 400;\">Colombe et Mahaut devront acqu\u00e9rir les comp\u00e9tences scolaires de la 6\u00e8me et du CE2. Avec les bons supports, nous ferons l\u2019enseignement th\u00e9orique, surtout pour le fran\u00e7ais, les maths et l\u2019anglais.<\/span><\/p>\n<p><span style=\"font-weight: 400;\">En pratique, <\/span><span style=\"font-weight: 400;\">chaque rencontre,<\/span><span style=\"font-weight: 400;\"> chaque d\u00e9couverte sera un enseignement fantastique. Les filles raconteront cela sur le blog, partag\u00e9 avec leurs amis d\u2019\u00e9cole, et tr\u00e8s probablement les enseignants. <\/span><\/p>\n<p><span style=\"font-weight: 400;\">Nous irons \u00e0 la rencontre d\u2019autres \u00e9coles du monde pour r\u00e9fl\u00e9chir et communiquer sur nos diff\u00e9rences. Notre objectif est de d\u00e9velopper la confiance et l\u2019autonomie de nos filles, ainsi que leur capacit\u00e9 d\u2019adaptation et leur ouverture d\u2019esprit<\/span><span style=\"font-weight: 400;\">.<\/span><\/p>\n<p><img loading=\"lazy\" decoding=\"async\" class=\"aligncenter wp-image-46 size-large\" style=\"font-size: 1rem;\" src=\"https:\/\/fauchillefamilytrip.com\/wp-content\/uploads\/2017\/11\/Be\u0301nodet-135-1024x768.jpg\" alt=\"\" width=\"1024\" height=\"768\" srcset=\"https:\/\/fauchillefamilytrip.com\/wp-content\/uploads\/2017\/11\/Be\u0301nodet-135-1024x768.jpg 1024w, https:\/\/fauchillefamilytrip.com\/wp-content\/uploads\/2017\/11\/Be\u0301nodet-135-300x225.jpg 300w, https:\/\/fauchillefamilytrip.com\/wp-content\/uploads\/2017\/11\/Be\u0301nodet-135-768x576.jpg 768w, https:\/\/fauchillefamilytrip.com\/wp-content\/uploads\/2017\/11\/Be\u0301nodet-135.jpg 1331w\" sizes=\"(max-width: 1024px) 100vw, 1024px\" \/><\/p>\n","protected":false},"excerpt":{"rendered":"<p>Colombe et Mahaut devront acqu\u00e9rir les comp\u00e9tences scolaires de la 6\u00e8me et du CE2. Avec les bons supports, nous ferons l\u2019enseignement th\u00e9orique, surtout pour le fran\u00e7ais, les maths et l\u2019anglais. En pratique, chaque rencontre, chaque d\u00e9couverte sera un enseignement fantastique. Les filles raconteront cela sur le blog, partag\u00e9 avec leurs amis d\u2019\u00e9cole, et tr\u00e8s probablement [&hellip;]<\/p>\n","protected":false},"author":1,"featured_media":73,"parent":39,"menu_order":2,"comment_status":"closed","ping_status":"closed","template":"","meta":{"footnotes":""},"_links":{"self":[{"href":"https:\/\/fauchillefamilytrip.com\/index.php\/wp-json\/wp\/v2\/pages\/87"}],"collection":[{"href":"https:\/\/fauchillefamilytrip.com\/index.php\/wp-json\/wp\/v2\/pages"}],"about":[{"href":"https:\/\/fauchillefamilytrip.com\/index.php\/wp-json\/wp\/v2\/types\/page"}],"author":[{"embeddable":true,"href":"https:\/\/fauchillefamilytrip.com\/index.php\/wp-json\/wp\/v2\/users\/1"}],"replies":[{"embeddable":true,"href":"https:\/\/fauchillefamilytrip.com\/index.php\/wp-json\/wp\/v2\/comments?post=87"}],"version-history":[{"count":7,"href":"https:\/\/fauchillefamilytrip.com\/index.php\/wp-json\/wp\/v2\/pages\/87\/revisions"}],"predecessor-version":[{"id":141,"href":"https:\/\/fauchillefamilytrip.com\/index.php\/wp-json\/wp\/v2\/pages\/87\/revisions\/141"}],"up":[{"embeddable":true,"href":"https:\/\/fauchillefamilytrip.com\/index.php\/wp-json\/wp\/v2\/pages\/39"}],"wp:featuredmedia":[{"embeddable":true,"href":"https:\/\/fauchillefamilytrip.com\/index.php\/wp-json\/wp\/v2\/media\/73"}],"wp:attachment":[{"href":"https:\/\/fauchillefamilytrip.com\/index.php\/wp-json\/wp\/v2\/media?parent=87"}],"curies":[{"name":"wp","href":"https:\/\/api.w.org\/{rel}","templated":true}]}}