{"id":7,"date":"2017-11-08T22:15:46","date_gmt":"2017-11-08T21:15:46","guid":{"rendered":"http:\/\/fauchillefamilytrip.com\/?page_id=7"},"modified":"2020-04-30T16:08:58","modified_gmt":"2020-04-30T14:08:58","slug":"accueil","status":"publish","type":"page","link":"https:\/\/fauchillefamilytrip.com\/","title":{"rendered":"Accueil"},"content":{"rendered":"<p style=\"text-align: center;\"><iframe loading=\"lazy\" src=\"https:\/\/www.youtube.com\/embed\/dCtPV1aU88o\" width=\"1120\" height=\"630\" frameborder=\"0\" allowfullscreen=\"allowfullscreen\"><\/iframe><\/p>\n<p>&nbsp;<\/p>\n<p>En un an, nous avons, tous les quatre, \u00e9crit plus de 300 petits articles pour raconter nos aventures en photos, mais aussi d\u00e9crire la vie locale dans chaque pays, ses animaux, ses habitations, la nourriture, etc&#8230;<\/p>\n<p>Nous vous invitons \u00e0 parcourir <a href=\"https:\/\/fauchillefamilytrip.com\/index.php\/category\/blog\/\"><strong>NOTRE BLOG<\/strong><\/a> en filtrant par pays, par th\u00e8me ou encore par auteur.<\/p>\n<p>Bonne navigation, bonne lecture et au plaisir de vous rencontrer pour \u00e9changer sur notre voyage !<\/p>\n","protected":false},"excerpt":{"rendered":"<p>&nbsp; En un an, nous avons, tous les quatre, \u00e9crit plus de 300 petits articles pour raconter nos aventures en photos, mais aussi d\u00e9crire la vie locale dans chaque pays, ses animaux, ses habitations, la nourriture, etc&#8230; Nous vous invitons \u00e0 parcourir NOTRE BLOG en filtrant par pays, par th\u00e8me ou encore par auteur. Bonne [&hellip;]<\/p>\n","protected":false},"author":1,"featured_media":67,"parent":0,"menu_order":0,"comment_status":"closed","ping_status":"closed","template":"","meta":{"footnotes":""},"_links":{"self":[{"href":"https:\/\/fauchillefamilytrip.com\/index.php\/wp-json\/wp\/v2\/pages\/7"}],"collection":[{"href":"https:\/\/fauchillefamilytrip.com\/index.php\/wp-json\/wp\/v2\/pages"}],"about":[{"href":"https:\/\/fauchillefamilytrip.com\/index.php\/wp-json\/wp\/v2\/types\/page"}],"author":[{"embeddable":true,"href":"https:\/\/fauchillefamilytrip.com\/index.php\/wp-json\/wp\/v2\/users\/1"}],"replies":[{"embeddable":true,"href":"https:\/\/fauchillefamilytrip.com\/index.php\/wp-json\/wp\/v2\/comments?post=7"}],"version-history":[{"count":7,"href":"https:\/\/fauchillefamilytrip.com\/index.php\/wp-json\/wp\/v2\/pages\/7\/revisions"}],"predecessor-version":[{"id":5696,"href":"https:\/\/fauchillefamilytrip.com\/index.php\/wp-json\/wp\/v2\/pages\/7\/revisions\/5696"}],"wp:featuredmedia":[{"embeddable":true,"href":"https:\/\/fauchillefamilytrip.com\/index.php\/wp-json\/wp\/v2\/media\/67"}],"wp:attachment":[{"href":"https:\/\/fauchillefamilytrip.com\/index.php\/wp-json\/wp\/v2\/media?parent=7"}],"curies":[{"name":"wp","href":"https:\/\/api.w.org\/{rel}","templated":true}]}}