{"id":39,"date":"2017-11-09T14:18:30","date_gmt":"2017-11-09T13:18:30","guid":{"rendered":"http:\/\/fauchillefamilytrip.com\/?page_id=39"},"modified":"2017-11-20T21:21:26","modified_gmt":"2017-11-20T20:21:26","slug":"un-projet-daventure","status":"publish","type":"page","link":"https:\/\/fauchillefamilytrip.com\/index.php\/un-projet-daventure\/","title":{"rendered":"un projet d&rsquo;aventure"},"content":{"rendered":"<p><span style=\"font-weight: 400;\">C\u2019\u00e9tait un r\u00eave, une id\u00e9e \u00e9voqu\u00e9e \u00e0 l\u2019\u00e9poque de notre mariage : \u00a0partir pour un grand voyage en famille !<\/span><\/p>\n<p><span style=\"font-weight: 400;\">Aujourd\u2019hui, la d\u00e9cision est prise. <\/span><\/p>\n<p><span style=\"font-weight: 400;\">Nous voulons partager notre passion du voyage avec nos deux filles, Colombe et Mahaut. Nous voulons leur transmettre la joie de rencontrer les habitants du monde, leurs cultures et leur diversit\u00e9. Nous voulons leur transmettre cette soif d\u2019aventure qui nous anime, le sens de l\u2019effort et le retour \u00e0 l\u2019essentiel.<\/span><\/p>\n<p><img loading=\"lazy\" decoding=\"async\" class=\"alignnone size-large wp-image-54 aligncenter\" src=\"https:\/\/fauchillefamilytrip.com\/wp-content\/uploads\/2017\/11\/IMG_3737-1024x768.jpg\" alt=\"\" width=\"1024\" height=\"768\" srcset=\"https:\/\/fauchillefamilytrip.com\/wp-content\/uploads\/2017\/11\/IMG_3737-1024x768.jpg 1024w, https:\/\/fauchillefamilytrip.com\/wp-content\/uploads\/2017\/11\/IMG_3737-300x225.jpg 300w, https:\/\/fauchillefamilytrip.com\/wp-content\/uploads\/2017\/11\/IMG_3737-768x576.jpg 768w\" sizes=\"(max-width: 1024px) 100vw, 1024px\" \/><\/p>\n<p><img loading=\"lazy\" decoding=\"async\" class=\"aligncenter wp-image-69 size-large\" src=\"https:\/\/fauchillefamilytrip.com\/wp-content\/uploads\/2017\/11\/IMG_7285-1024x768.jpg\" alt=\"\" width=\"1024\" height=\"768\" srcset=\"https:\/\/fauchillefamilytrip.com\/wp-content\/uploads\/2017\/11\/IMG_7285-1024x768.jpg 1024w, https:\/\/fauchillefamilytrip.com\/wp-content\/uploads\/2017\/11\/IMG_7285-300x225.jpg 300w, https:\/\/fauchillefamilytrip.com\/wp-content\/uploads\/2017\/11\/IMG_7285-768x576.jpg 768w, https:\/\/fauchillefamilytrip.com\/wp-content\/uploads\/2017\/11\/IMG_7285.jpg 1497w\" sizes=\"(max-width: 1024px) 100vw, 1024px\" \/><\/p>\n","protected":false},"excerpt":{"rendered":"<p>C\u2019\u00e9tait un r\u00eave, une id\u00e9e \u00e9voqu\u00e9e \u00e0 l\u2019\u00e9poque de notre mariage : \u00a0partir pour un grand voyage en famille ! Aujourd\u2019hui, la d\u00e9cision est prise. Nous voulons partager notre passion du voyage avec nos deux filles, Colombe et Mahaut. Nous voulons leur transmettre la joie de rencontrer les habitants du monde, leurs cultures et leur [&hellip;]<\/p>\n","protected":false},"author":1,"featured_media":68,"parent":0,"menu_order":1,"comment_status":"closed","ping_status":"closed","template":"","meta":{"footnotes":""},"_links":{"self":[{"href":"https:\/\/fauchillefamilytrip.com\/index.php\/wp-json\/wp\/v2\/pages\/39"}],"collection":[{"href":"https:\/\/fauchillefamilytrip.com\/index.php\/wp-json\/wp\/v2\/pages"}],"about":[{"href":"https:\/\/fauchillefamilytrip.com\/index.php\/wp-json\/wp\/v2\/types\/page"}],"author":[{"embeddable":true,"href":"https:\/\/fauchillefamilytrip.com\/index.php\/wp-json\/wp\/v2\/users\/1"}],"replies":[{"embeddable":true,"href":"https:\/\/fauchillefamilytrip.com\/index.php\/wp-json\/wp\/v2\/comments?post=39"}],"version-history":[{"count":8,"href":"https:\/\/fauchillefamilytrip.com\/index.php\/wp-json\/wp\/v2\/pages\/39\/revisions"}],"predecessor-version":[{"id":176,"href":"https:\/\/fauchillefamilytrip.com\/index.php\/wp-json\/wp\/v2\/pages\/39\/revisions\/176"}],"wp:featuredmedia":[{"embeddable":true,"href":"https:\/\/fauchillefamilytrip.com\/index.php\/wp-json\/wp\/v2\/media\/68"}],"wp:attachment":[{"href":"https:\/\/fauchillefamilytrip.com\/index.php\/wp-json\/wp\/v2\/media?parent=39"}],"curies":[{"name":"wp","href":"https:\/\/api.w.org\/{rel}","templated":true}]}}