{"id":159,"date":"2017-11-20T13:22:23","date_gmt":"2017-11-20T12:22:23","guid":{"rendered":"http:\/\/fauchillefamilytrip.com\/?page_id=159"},"modified":"2017-11-20T13:29:14","modified_gmt":"2017-11-20T12:29:14","slug":"notre-projet","status":"publish","type":"page","link":"https:\/\/fauchillefamilytrip.com\/index.php\/notre-projet\/","title":{"rendered":"Notre Projet"},"content":{"rendered":"<h2>1- Un projet d&rsquo;aventure<\/h2>\n<p><span style=\"font-weight: 400;\">C\u2019\u00e9tait un r\u00eave, une id\u00e9e \u00e9voqu\u00e9e \u00e0 l\u2019\u00e9poque de notre mariage : \u00a0partir pour un grand voyage en famille !<\/span><\/p>\n<p><span style=\"font-weight: 400;\">Aujourd\u2019hui, la d\u00e9cision est prise. <\/span><\/p>\n<p><span style=\"font-weight: 400;\">Nous voulons partager notre passion du voyage avec nos deux filles, Colombe et Mahaut. Nous voulons leur transmettre la joie de rencontrer les habitants du monde, leurs cultures et leur diversit\u00e9. Nous voulons leur transmettre cette soif d\u2019aventure qui nous anime, le sens de l\u2019effort et le retour \u00e0 l\u2019essentiel.<\/span><img loading=\"lazy\" decoding=\"async\" class=\"alignnone size-large wp-image-54\" src=\"https:\/\/fauchillefamilytrip.com\/wp-content\/uploads\/2017\/11\/IMG_3737-1024x768.jpg\" alt=\"\" width=\"1024\" height=\"768\" srcset=\"https:\/\/fauchillefamilytrip.com\/wp-content\/uploads\/2017\/11\/IMG_3737-1024x768.jpg 1024w, https:\/\/fauchillefamilytrip.com\/wp-content\/uploads\/2017\/11\/IMG_3737-300x225.jpg 300w, https:\/\/fauchillefamilytrip.com\/wp-content\/uploads\/2017\/11\/IMG_3737-768x576.jpg 768w\" sizes=\"(max-width: 1024px) 100vw, 1024px\" \/><img loading=\"lazy\" decoding=\"async\" class=\"alignnone size-large wp-image-69\" src=\"https:\/\/fauchillefamilytrip.com\/wp-content\/uploads\/2017\/11\/IMG_7285-1024x768.jpg\" alt=\"\" width=\"1024\" height=\"768\" srcset=\"https:\/\/fauchillefamilytrip.com\/wp-content\/uploads\/2017\/11\/IMG_7285-1024x768.jpg 1024w, https:\/\/fauchillefamilytrip.com\/wp-content\/uploads\/2017\/11\/IMG_7285-300x225.jpg 300w, https:\/\/fauchillefamilytrip.com\/wp-content\/uploads\/2017\/11\/IMG_7285-768x576.jpg 768w, https:\/\/fauchillefamilytrip.com\/wp-content\/uploads\/2017\/11\/IMG_7285.jpg 1497w\" sizes=\"(max-width: 1024px) 100vw, 1024px\" \/><\/p>\n<p>&nbsp;<\/p>\n<h2>2- Un projet familial<\/h2>\n<p>Nous allons vivre un an en famille. C\u2019est une occasion unique de nous retrouver en v\u00e9rit\u00e9, d\u2019apprendre \u00e0 nous parler, nous \u00e9couter, nous supporter parfois, et surtout resserrer les liens qui nous unissent.<\/p>\n<p><img loading=\"lazy\" decoding=\"async\" class=\"alignnone size-large wp-image-53\" src=\"https:\/\/fauchillefamilytrip.com\/wp-content\/uploads\/2017\/11\/IMG_3701-1-1024x768.jpg\" alt=\"\" width=\"1024\" height=\"768\" srcset=\"https:\/\/fauchillefamilytrip.com\/wp-content\/uploads\/2017\/11\/IMG_3701-1-1024x768.jpg 1024w, https:\/\/fauchillefamilytrip.com\/wp-content\/uploads\/2017\/11\/IMG_3701-1-300x225.jpg 300w, https:\/\/fauchillefamilytrip.com\/wp-content\/uploads\/2017\/11\/IMG_3701-1-768x576.jpg 768w, https:\/\/fauchillefamilytrip.com\/wp-content\/uploads\/2017\/11\/IMG_3701-1.jpg 1280w\" sizes=\"(max-width: 1024px) 100vw, 1024px\" \/> <img loading=\"lazy\" decoding=\"async\" class=\"alignnone size-large wp-image-49\" src=\"https:\/\/fauchillefamilytrip.com\/wp-content\/uploads\/2017\/11\/IMG_0204-1024x768.jpg\" alt=\"\" width=\"1024\" height=\"768\" srcset=\"https:\/\/fauchillefamilytrip.com\/wp-content\/uploads\/2017\/11\/IMG_0204-1024x768.jpg 1024w, https:\/\/fauchillefamilytrip.com\/wp-content\/uploads\/2017\/11\/IMG_0204-300x225.jpg 300w, https:\/\/fauchillefamilytrip.com\/wp-content\/uploads\/2017\/11\/IMG_0204-768x576.jpg 768w, https:\/\/fauchillefamilytrip.com\/wp-content\/uploads\/2017\/11\/IMG_0204.jpg 1280w\" sizes=\"(max-width: 1024px) 100vw, 1024px\" \/> <img loading=\"lazy\" decoding=\"async\" class=\"alignnone size-large wp-image-41\" src=\"https:\/\/fauchillefamilytrip.com\/wp-content\/uploads\/2017\/11\/1Q3A6289-683x1024.jpg\" alt=\"\" width=\"683\" height=\"1024\" srcset=\"https:\/\/fauchillefamilytrip.com\/wp-content\/uploads\/2017\/11\/1Q3A6289-683x1024.jpg 683w, https:\/\/fauchillefamilytrip.com\/wp-content\/uploads\/2017\/11\/1Q3A6289-200x300.jpg 200w, https:\/\/fauchillefamilytrip.com\/wp-content\/uploads\/2017\/11\/1Q3A6289-768x1152.jpg 768w\" sizes=\"(max-width: 683px) 100vw, 683px\" \/><\/p>\n<p>&nbsp;<\/p>\n<h2>3- Un projet \u00e9ducatif<\/h2>\n<p><img loading=\"lazy\" decoding=\"async\" class=\"alignnone size-large wp-image-73\" src=\"https:\/\/fauchillefamilytrip.com\/wp-content\/uploads\/2017\/11\/IMG_7360-1024x768.jpg\" alt=\"\" width=\"1024\" height=\"768\" srcset=\"https:\/\/fauchillefamilytrip.com\/wp-content\/uploads\/2017\/11\/IMG_7360-1024x768.jpg 1024w, https:\/\/fauchillefamilytrip.com\/wp-content\/uploads\/2017\/11\/IMG_7360-300x225.jpg 300w, https:\/\/fauchillefamilytrip.com\/wp-content\/uploads\/2017\/11\/IMG_7360-768x576.jpg 768w\" sizes=\"(max-width: 1024px) 100vw, 1024px\" \/><\/p>\n<p>Colombe et Mahaut devront acqu\u00e9rir les comp\u00e9tences scolaires de la 6\u00e8me et du CE2. Avec les bons supports, nous ferons l\u2019enseignement th\u00e9orique, surtout pour le fran\u00e7ais, les maths et l\u2019anglais.<\/p>\n<p>En pratique,\u00a0chaque rencontre,\u00a0chaque d\u00e9couverte sera un enseignement fantastique. Les filles raconteront cela sur le blog, partag\u00e9 avec leurs amis d\u2019\u00e9cole, et tr\u00e8s probablement les enseignants.<\/p>\n<p>Nous irons \u00e0 la rencontre d\u2019autres \u00e9coles du monde pour r\u00e9fl\u00e9chir et communiquer sur nos diff\u00e9rences. Notre objectif est de d\u00e9velopper la confiance et l\u2019autonomie de nos filles, ainsi que leur capacit\u00e9 d\u2019adaptation et leur ouverture d\u2019esprit.<\/p>\n<p><img loading=\"lazy\" decoding=\"async\" class=\"alignnone size-large wp-image-46\" src=\"https:\/\/fauchillefamilytrip.com\/wp-content\/uploads\/2017\/11\/Be\u0301nodet-135-1024x768.jpg\" alt=\"\" width=\"1024\" height=\"768\" srcset=\"https:\/\/fauchillefamilytrip.com\/wp-content\/uploads\/2017\/11\/Be\u0301nodet-135-1024x768.jpg 1024w, https:\/\/fauchillefamilytrip.com\/wp-content\/uploads\/2017\/11\/Be\u0301nodet-135-300x225.jpg 300w, https:\/\/fauchillefamilytrip.com\/wp-content\/uploads\/2017\/11\/Be\u0301nodet-135-768x576.jpg 768w, https:\/\/fauchillefamilytrip.com\/wp-content\/uploads\/2017\/11\/Be\u0301nodet-135.jpg 1331w\" sizes=\"(max-width: 1024px) 100vw, 1024px\" \/><\/p>\n","protected":false},"excerpt":{"rendered":"<p>1- Un projet d&rsquo;aventure C\u2019\u00e9tait un r\u00eave, une id\u00e9e \u00e9voqu\u00e9e \u00e0 l\u2019\u00e9poque de notre mariage : \u00a0partir pour un grand voyage en famille ! Aujourd\u2019hui, la d\u00e9cision est prise. Nous voulons partager notre passion du voyage avec nos deux filles, Colombe et Mahaut. Nous voulons leur transmettre la joie de rencontrer les habitants du monde, [&hellip;]<\/p>\n","protected":false},"author":1,"featured_media":73,"parent":0,"menu_order":0,"comment_status":"closed","ping_status":"closed","template":"","meta":{"footnotes":""},"_links":{"self":[{"href":"https:\/\/fauchillefamilytrip.com\/index.php\/wp-json\/wp\/v2\/pages\/159"}],"collection":[{"href":"https:\/\/fauchillefamilytrip.com\/index.php\/wp-json\/wp\/v2\/pages"}],"about":[{"href":"https:\/\/fauchillefamilytrip.com\/index.php\/wp-json\/wp\/v2\/types\/page"}],"author":[{"embeddable":true,"href":"https:\/\/fauchillefamilytrip.com\/index.php\/wp-json\/wp\/v2\/users\/1"}],"replies":[{"embeddable":true,"href":"https:\/\/fauchillefamilytrip.com\/index.php\/wp-json\/wp\/v2\/comments?post=159"}],"version-history":[{"count":1,"href":"https:\/\/fauchillefamilytrip.com\/index.php\/wp-json\/wp\/v2\/pages\/159\/revisions"}],"predecessor-version":[{"id":160,"href":"https:\/\/fauchillefamilytrip.com\/index.php\/wp-json\/wp\/v2\/pages\/159\/revisions\/160"}],"wp:featuredmedia":[{"embeddable":true,"href":"https:\/\/fauchillefamilytrip.com\/index.php\/wp-json\/wp\/v2\/media\/73"}],"wp:attachment":[{"href":"https:\/\/fauchillefamilytrip.com\/index.php\/wp-json\/wp\/v2\/media?parent=159"}],"curies":[{"name":"wp","href":"https:\/\/api.w.org\/{rel}","templated":true}]}}