{"id":133,"date":"2017-11-18T22:14:03","date_gmt":"2017-11-18T21:14:03","guid":{"rendered":"http:\/\/fauchillefamilytrip.com\/?page_id=133"},"modified":"2017-12-07T21:16:32","modified_gmt":"2017-12-07T20:16:32","slug":"qui-sommes-nous","status":"publish","type":"page","link":"https:\/\/fauchillefamilytrip.com\/index.php\/qui-sommes-nous\/","title":{"rendered":"Qui sommes nous ?"},"content":{"rendered":"<p>Nous habitons \u00e0 Marcq-en-Baroeul, dans le nord de la France, pr\u00e8s de Lille.<\/p>\n<p>Voici nos portraits en quelques lignes:<\/p>\n<h2>Ingrid<\/h2>\n<p><img loading=\"lazy\" decoding=\"async\" class=\"size-medium wp-image-42 alignleft\" src=\"https:\/\/fauchillefamilytrip.com\/wp-content\/uploads\/2017\/11\/Be\u0301nodet-25-300x300.jpg\" alt=\"\" width=\"300\" height=\"300\" srcset=\"https:\/\/fauchillefamilytrip.com\/wp-content\/uploads\/2017\/11\/Be\u0301nodet-25-300x300.jpg 300w, https:\/\/fauchillefamilytrip.com\/wp-content\/uploads\/2017\/11\/Be\u0301nodet-25-150x150.jpg 150w, https:\/\/fauchillefamilytrip.com\/wp-content\/uploads\/2017\/11\/Be\u0301nodet-25-100x100.jpg 100w, https:\/\/fauchillefamilytrip.com\/wp-content\/uploads\/2017\/11\/Be\u0301nodet-25.jpg 620w\" sizes=\"(max-width: 300px) 100vw, 300px\" \/><\/p>\n<p><span style=\"font-weight: 400;\">Dans la vie, Ingrid appareille les personnes malentendantes. C\u2019est l\u2019aspect relationnel de son m\u00e9tier qui la motive particuli\u00e8rement.<\/span><\/p>\n<p><span style=\"font-weight: 400;\">D\u00e9j\u00e0 passionn\u00e9e de voyages et d\u2019aventures avant de rencontrer Nico, elle aime ne pas savoir de quoi sera fait exactement demain. <\/span><\/p>\n<p><span style=\"font-weight: 400;\">Voyager lui procure une sensation de libert\u00e9, de vie, c\u2019est l\u2019occasion pour elle de l\u00e2cher prise. Elle a soif de d\u00e9couverte de l\u2019autre, de cultures diff\u00e9rentes, de paysages magnifiques\u2026 et quelle satisfaction de se surpasser lors d\u2019une rando et de go\u00fbter \u00e0 l\u2019effort. <\/span><\/p>\n<p><span style=\"font-weight: 400;\">Ingrid s\u2019int\u00e9resse \u00e9galement au d\u00e9veloppement personnel pour mieux se conna\u00eetre. La m\u00e9ditation de pleine conscience sera certainement au coeur de son voyage. <\/span><\/p>\n<p>&nbsp;<\/p>\n<p>&nbsp;<\/p>\n<h2>Nicolas<\/h2>\n<p><img loading=\"lazy\" decoding=\"async\" class=\"size-medium wp-image-43 alignleft\" src=\"https:\/\/fauchillefamilytrip.com\/wp-content\/uploads\/2017\/11\/Be\u0301nodet-30-300x300.jpg\" alt=\"\" width=\"300\" height=\"300\" srcset=\"https:\/\/fauchillefamilytrip.com\/wp-content\/uploads\/2017\/11\/Be\u0301nodet-30-300x300.jpg 300w, https:\/\/fauchillefamilytrip.com\/wp-content\/uploads\/2017\/11\/Be\u0301nodet-30-150x150.jpg 150w, https:\/\/fauchillefamilytrip.com\/wp-content\/uploads\/2017\/11\/Be\u0301nodet-30-100x100.jpg 100w, https:\/\/fauchillefamilytrip.com\/wp-content\/uploads\/2017\/11\/Be\u0301nodet-30.jpg 663w\" sizes=\"(max-width: 300px) 100vw, 300px\" \/><\/p>\n<p><span style=\"font-weight: 400;\">De formation Ing\u00e9nieur, Nico travaille chez Decathlon dans la conception d\u2019articles de sport.<\/span><\/p>\n<p><span style=\"font-weight: 400;\">En 2002, son premier tour du monde d\u2019un an lui a chang\u00e9 son regard sur le monde et a conditionn\u00e9 le reste de sa vie (rencontre avec Ingrid, expatriations, travail,&#8230;) <\/span><\/p>\n<p><span style=\"font-weight: 400;\">Gr\u00e2ce \u00e0 son travail, Nico continue de parcourir le globe et de faire de nouvelles rencontres. Il a appris un grand nombre de langues \u00e9trang\u00e8res. Depuis peu, il s\u2019est form\u00e9 au coaching pour faire ce qu\u2019il aime le plus : r\u00e9v\u00e9ler des talents et accompagner vers l\u2019autonomie.<\/span><\/p>\n<p><span style=\"font-weight: 400;\">Parmi ses nombreuses passions, il y a le ski qui lui procure beaucoup de plaisir aussi bien en famille qu\u2019avec ses amis. Il y a \u00e9galement la plong\u00e9e sous marine qui lui permet de d\u00e9couvrir un autre aspect du voyage.<\/span><\/p>\n<p>&nbsp;<\/p>\n<h2>Colombe<\/h2>\n<p><img loading=\"lazy\" decoding=\"async\" class=\"size-medium wp-image-45 alignleft\" src=\"https:\/\/fauchillefamilytrip.com\/wp-content\/uploads\/2017\/11\/Be\u0301nodet-121-300x300.jpg\" alt=\"\" width=\"300\" height=\"300\" srcset=\"https:\/\/fauchillefamilytrip.com\/wp-content\/uploads\/2017\/11\/Be\u0301nodet-121-300x300.jpg 300w, https:\/\/fauchillefamilytrip.com\/wp-content\/uploads\/2017\/11\/Be\u0301nodet-121-150x150.jpg 150w, https:\/\/fauchillefamilytrip.com\/wp-content\/uploads\/2017\/11\/Be\u0301nodet-121-768x768.jpg 768w, https:\/\/fauchillefamilytrip.com\/wp-content\/uploads\/2017\/11\/Be\u0301nodet-121-1024x1024.jpg 1024w, https:\/\/fauchillefamilytrip.com\/wp-content\/uploads\/2017\/11\/Be\u0301nodet-121-100x100.jpg 100w, https:\/\/fauchillefamilytrip.com\/wp-content\/uploads\/2017\/11\/Be\u0301nodet-121.jpg 1595w\" sizes=\"(max-width: 300px) 100vw, 300px\" \/><\/p>\n<p><span style=\"font-weight: 400;\">Colombe aura 10 ans au d\u00e9part du voyage. Elle entrera alors en 6\u00e8me. <\/span><\/p>\n<p><span style=\"font-weight: 400;\">Elle est assoiff\u00e9e de connaissance. Anim\u00e9e d\u2019une curiosit\u00e9 sans borne, tout l\u2019int\u00e9resse. Elle est notamment passionn\u00e9e par les civilisations anciennes. Elle r\u00eave d\u2019\u00eatre arch\u00e9ologue, et d\u2019aller voir le Machu Picchu, Angkor et le Taj Mahal.<\/span><\/p>\n<p><span style=\"font-weight: 400;\">Colombe est une fille sensible et \u00e9motive. Elle est attach\u00e9e \u00e0 ses amies. Les quitter pendant un an ne sera pas facile pour elle. Elle compte bien garder le lien en racontant ses aventures sur le blog. <\/span><\/p>\n<p><span style=\"font-weight: 400;\">Colombe fait partie des jeannettes aux SUF. Elle pratique le th\u00e9\u00e2tre d\u2019improvisation et la danse.<\/span><\/p>\n<p>&nbsp;<\/p>\n<p>&nbsp;<\/p>\n<h2>Mahaut<\/h2>\n<p><img loading=\"lazy\" decoding=\"async\" class=\"size-medium wp-image-44 alignleft\" src=\"https:\/\/fauchillefamilytrip.com\/wp-content\/uploads\/2017\/11\/Be\u0301nodet-121-1-300x300.jpg\" alt=\"\" width=\"300\" height=\"300\" srcset=\"https:\/\/fauchillefamilytrip.com\/wp-content\/uploads\/2017\/11\/Be\u0301nodet-121-1-300x300.jpg 300w, https:\/\/fauchillefamilytrip.com\/wp-content\/uploads\/2017\/11\/Be\u0301nodet-121-1-150x150.jpg 150w, https:\/\/fauchillefamilytrip.com\/wp-content\/uploads\/2017\/11\/Be\u0301nodet-121-1-768x768.jpg 768w, https:\/\/fauchillefamilytrip.com\/wp-content\/uploads\/2017\/11\/Be\u0301nodet-121-1-1024x1024.jpg 1024w, https:\/\/fauchillefamilytrip.com\/wp-content\/uploads\/2017\/11\/Be\u0301nodet-121-1-100x100.jpg 100w, https:\/\/fauchillefamilytrip.com\/wp-content\/uploads\/2017\/11\/Be\u0301nodet-121-1.jpg 1621w\" sizes=\"(max-width: 300px) 100vw, 300px\" \/><\/p>\n<p><span style=\"font-weight: 400;\">Mahaut f\u00eatera ses 8 ans un mois avant le grand d\u00e9part. Elle sera en CE2 pour le voyage. <\/span><\/p>\n<p><span style=\"font-weight: 400;\">Elle est de caract\u00e8re joyeux, souriante et enthousiaste. Elle est ordonn\u00e9e et appliqu\u00e9e dans son travail. De nature peu soucieuse et tr\u00e8s calme, c\u2019est une fille c\u00e2line et tr\u00e8s agr\u00e9able \u00e0 vivre. \u00a0<\/span><\/p>\n<p><span style=\"font-weight: 400;\">Mahaut aime beaucoup passer du temps avec ses amis. Elle fait de la danse et adore dessiner ou faire des jeux de soci\u00e9t\u00e9. <\/span><\/p>\n<p><span style=\"font-weight: 400;\">Elle a accueilli avec joie notre projet de voyage et notamment l\u2019id\u00e9e de faire l\u2019\u00e9cole avec ses parents !<\/span><\/p>\n<p>&nbsp;<\/p>\n<p>&nbsp;<\/p>\n<h2>Les voyages qui nous ont marqu\u00e9s<\/h2>\n<p><img loading=\"lazy\" decoding=\"async\" class=\"size-large wp-image-138 aligncenter\" src=\"https:\/\/fauchillefamilytrip.com\/wp-content\/uploads\/2017\/11\/Voyages-1024x979.png\" alt=\"\" width=\"1024\" height=\"979\" srcset=\"https:\/\/fauchillefamilytrip.com\/wp-content\/uploads\/2017\/11\/Voyages-1024x979.png 1024w, https:\/\/fauchillefamilytrip.com\/wp-content\/uploads\/2017\/11\/Voyages-300x287.png 300w, https:\/\/fauchillefamilytrip.com\/wp-content\/uploads\/2017\/11\/Voyages-768x734.png 768w, https:\/\/fauchillefamilytrip.com\/wp-content\/uploads\/2017\/11\/Voyages.png 1256w\" sizes=\"(max-width: 1024px) 100vw, 1024px\" \/><\/p>\n<h3>Ingrid seule :<\/h3>\n<ul>\n<li>2 mois en Asie du sud-est (v\u00e9lo et trek) en 2001<\/li>\n<li>2 mois de backpacking au P\u00e9rou et Bolivie en 2002<\/li>\n<li>3 semaines \u00e0 cheval dans les steppes au Kirghizstan en 2003<\/li>\n<\/ul>\n<h3>Nicolas seul :<\/h3>\n<ul>\n<li>1 an (stage + m\u00e9moire) en Italie en 2001<\/li>\n<li>1 an de tour du monde\u00a0(<a href=\"http:\/\/www.derreumaux.com\/NotreNature\/index.htm\">lien vers le blog<\/a>) en 2002<\/li>\n<li>2 ans d\u2019expatriation en G\u00e9orgie en 2003 \/ 2004<\/li>\n<\/ul>\n<h3>Ingrid et Nico :<\/h3>\n<ul>\n<li>1 mois en Tha\u00eflande et Cambodge (plong\u00e9e, treks et moto) en 2004<\/li>\n<li>3 ans d\u2019expatriation au Vietnam de 2006 \u00e0 2009<\/li>\n<li>2 semaines de backpacking au Myanmar en 2007<\/li>\n<li>2 semaines aux Philippines (treks et plong\u00e9e) en 2007<\/li>\n<li>2 semaines \u00e0 Bali et Singapour en 2008<\/li>\n<li>2 semaines en campervan en Nouvelle Z\u00e9lande en 2009<\/li>\n<li>2 semaines au Kenya (safari et plong\u00e9e) en 2011<\/li>\n<li>1 semaine de motoneige (800km) au Quebec en 2016<\/li>\n<\/ul>\n<h3>En famille :<\/h3>\n<ul>\n<li>3 semaines de backpacking en Tha\u00eflande en 2016<\/li>\n<\/ul>\n","protected":false},"excerpt":{"rendered":"<p>Nous habitons \u00e0 Marcq-en-Baroeul, dans le nord de la France, pr\u00e8s de Lille. Voici nos portraits en quelques lignes: Ingrid Dans la vie, Ingrid appareille les personnes malentendantes. C\u2019est l\u2019aspect relationnel de son m\u00e9tier qui la motive particuli\u00e8rement. D\u00e9j\u00e0 passionn\u00e9e de voyages et d\u2019aventures avant de rencontrer Nico, elle aime ne pas savoir de quoi [&hellip;]<\/p>\n","protected":false},"author":1,"featured_media":66,"parent":0,"menu_order":0,"comment_status":"closed","ping_status":"closed","template":"","meta":{"footnotes":""},"_links":{"self":[{"href":"https:\/\/fauchillefamilytrip.com\/index.php\/wp-json\/wp\/v2\/pages\/133"}],"collection":[{"href":"https:\/\/fauchillefamilytrip.com\/index.php\/wp-json\/wp\/v2\/pages"}],"about":[{"href":"https:\/\/fauchillefamilytrip.com\/index.php\/wp-json\/wp\/v2\/types\/page"}],"author":[{"embeddable":true,"href":"https:\/\/fauchillefamilytrip.com\/index.php\/wp-json\/wp\/v2\/users\/1"}],"replies":[{"embeddable":true,"href":"https:\/\/fauchillefamilytrip.com\/index.php\/wp-json\/wp\/v2\/comments?post=133"}],"version-history":[{"count":7,"href":"https:\/\/fauchillefamilytrip.com\/index.php\/wp-json\/wp\/v2\/pages\/133\/revisions"}],"predecessor-version":[{"id":214,"href":"https:\/\/fauchillefamilytrip.com\/index.php\/wp-json\/wp\/v2\/pages\/133\/revisions\/214"}],"wp:featuredmedia":[{"embeddable":true,"href":"https:\/\/fauchillefamilytrip.com\/index.php\/wp-json\/wp\/v2\/media\/66"}],"wp:attachment":[{"href":"https:\/\/fauchillefamilytrip.com\/index.php\/wp-json\/wp\/v2\/media?parent=133"}],"curies":[{"name":"wp","href":"https:\/\/api.w.org\/{rel}","templated":true}]}}